{"id":5231,"date":"2023-05-10T14:30:12","date_gmt":"2023-05-10T14:30:12","guid":{"rendered":"https:\/\/www.meltemmutluguler.com\/orthodontic-treatments\/invisalign-transparent-plate-treatment\/"},"modified":"2024-07-27T19:31:04","modified_gmt":"2024-07-27T19:31:04","slug":"invisalign-transparent-plate-treatment","status":"publish","type":"page","link":"https:\/\/www.meltemmutluguler.com\/en\/orthodontic-treatments\/invisalign-transparent-plate-treatment\/","title":{"rendered":"Invisalign (Transparent Plate Treatment)"},"content":{"rendered":"\t\t<div data-elementor-type=\"wp-page\" data-elementor-id=\"5231\" class=\"elementor elementor-5231 elementor-3204\" data-elementor-post-type=\"page\">\n\t\t\t\t<div class=\"elementor-element elementor-element-2d4ba2a e-flex e-con-boxed e-con e-parent\" data-id=\"2d4ba2a\" data-element_type=\"container\" data-settings=\"{&quot;background_background&quot;:&quot;classic&quot;}\">\n\t\t\t\t\t<div class=\"e-con-inner\">\n\t\t\t\t\t<\/div>\n\t\t\t\t<\/div>\n\t\t<div class=\"elementor-element elementor-element-ff56b44 e-flex e-con-boxed e-con e-parent\" data-id=\"ff56b44\" data-element_type=\"container\" data-settings=\"{&quot;background_background&quot;:&quot;classic&quot;}\">\n\t\t\t\t\t<div class=\"e-con-inner\">\n\t\t\t\t<div class=\"elementor-element elementor-element-39f1ea3 elementor-widget elementor-widget-text-editor\" data-id=\"39f1ea3\" data-element_type=\"widget\" data-widget_type=\"text-editor.default\">\n\t\t\t\t<div class=\"elementor-widget-container\">\n\t\t\t\t\t\t\t\t\t<h2><strong>What is Invisalign (Transparent Plate)?<\/strong><\/h2>\n<p><strong>Invisalign treatment<\/strong> <strong>(transparent aligner treatment<\/strong> ) is a system that provides orthodontic treatment without braces thanks to custom-made transparent aligners.<br \/>\nIn this way, the crowding in your teeth is corrected day by day without realizing that you are receiving orthodontic treatment. <\/p>\n<h3><strong>How Can I Start Invisalign Treatment?<\/strong><\/h3>\n<p>First of all, as a result of your orthodontist&#8217;s examination, other necessary dental procedures (filling, scaling, etc.) should be performed.<br \/>\nThen a 3D digital scan (CAD-CAM system) and\/or impressions of your teeth are taken.<br \/>\nYour records are sent to the center in America and your treatment simulation is prepared.<br \/>\n2.<br \/>\nYour aligners arrive at the clinic until your 2nd session (average 4-6 weeks).    <\/p>\n\t\t\t\t\t\t\t\t<\/div>\n\t\t\t\t<\/div>\n\t\t\t\t\t<\/div>\n\t\t\t\t<\/div>\n\t\t<div class=\"elementor-element elementor-element-e11fa84 e-flex e-con-boxed e-con e-parent\" data-id=\"e11fa84\" data-element_type=\"container\" data-settings=\"{&quot;background_background&quot;:&quot;classic&quot;}\">\n\t\t\t\t\t<div class=\"e-con-inner\">\n\t\t\t\t<div class=\"elementor-element elementor-element-305a0d2 elementor-widget elementor-widget-html\" data-id=\"305a0d2\" data-element_type=\"widget\" data-widget_type=\"html.default\">\n\t\t\t\t<div class=\"elementor-widget-container\">\n\t\t\t\t\t<iframe width=\"560\" height=\"415\" src=\"https:\/\/www.youtube.com\/embed\/nTtsy0W6cyA?controls=0\" title=\"YouTube video player\" frameborder=\"0\" allow=\"accelerometer; autoplay; clipboard-write; encrypted-media; gyroscope; picture-in-picture; web-share\" allowfullscreen=\"\"><\/iframe>\t\t\t\t<\/div>\n\t\t\t\t<\/div>\n\t\t\t\t\t<\/div>\n\t\t\t\t<\/div>\n\t\t<div class=\"elementor-element elementor-element-d1d61f1 e-flex e-con-boxed e-con e-parent\" data-id=\"d1d61f1\" data-element_type=\"container\" data-settings=\"{&quot;background_background&quot;:&quot;classic&quot;}\">\n\t\t\t\t\t<div class=\"e-con-inner\">\n\t\t\t\t<div class=\"elementor-element elementor-element-2803e65 elementor-widget elementor-widget-text-editor\" data-id=\"2803e65\" data-element_type=\"widget\" data-widget_type=\"text-editor.default\">\n\t\t\t\t<div class=\"elementor-widget-container\">\n\t\t\t\t\t\t\t\t\t<h3><strong>How do teeth move with transparent aligners?<\/strong><\/h3>\n<p>Your tooth positions are transferred to the computer environment and your aligners are produced in the simulation prepared so that there is approximately 1 mm tooth movement every month.<br \/>\nEach aligner is worn for 15 days.<br \/>\nIn this way, the teeth move thanks to each aligner.  <\/p>\n<h3><strong>Advantages of Invisalign (Transparent Plate) Treatment  <\/strong><\/h3>\n<ul>\n<li aria-level=\"1\">In Invisalign (transparent plate) treatment, you can see the end of the treatment at the beginning of the treatment. Thanks to the 3D simulation prepared in the computer environment, you can see the end of your treatment.<br \/>\nInvisalign treatment provides this opportunity unlike other orthodontic treatments. <\/li>\n<li aria-level=\"1\">It does not affect your daily life.<\/li>\n<li aria-level=\"1\">Unlike other orthodontic treatments, you have no limits on eating and drinking as you will remove your aligners while eating.<\/li>\n<li aria-level=\"1\">You can brush your teeth easily.<\/li>\n<li aria-level=\"1\">Invisalign aligners are flexible and soft.<br \/>\nSince hard materials such as wires and brackets are not used, you will not experience discomfort such as stinging. <\/li>\n<li aria-level=\"1\">Since it is not one of the fixed orthodontic treatments, you can remove it whenever you want.<\/li>\n<li aria-level=\"1\">In terms of speech, the adaptation of patients to invisalign treatment is easier than braces.<br \/>\nYou get used to the invisalign aligners within a few days.<br \/>\nIt is also possible to remove your invisalign aligners on a special day or at a meeting.  <\/li>\n<li aria-level=\"1\">Since there are no fixed brackets or wires on the teeth, oral hygiene can be easily maintained.<br \/>\nInvisalign is the orthodontic treatment method that provides the easiest oral hygiene among all orthodontic treatments. <\/li>\n<li aria-level=\"1\">Patients with nickel allergy can benefit from this treatment.<\/li>\n<li aria-level=\"1\">It can also be used during Pregnancy-Breastfeeding Period.<\/li>\n<\/ul>\n<h3><strong>Disadvantages of Invisalign (Clear Aligner) Treatment<\/strong><\/h3>\n<ul>\n<li aria-level=\"1\">You will feel a pressure when you first wear your Invisalign aligners.<br \/>\nThis pressure will disappear spontaneously within a few days. <\/li>\n<li aria-level=\"1\">Lingual treatment and invisalign treatment are customized orthodontic treatments that are not visible from the outside.<br \/>\nTherefore, they are slightly more costly than traditional orthodontic treatments. <\/li>\n<li aria-level=\"1\">Invisalign aligners are thermoplastic materials.<br \/>\nIt is recommended not to consume tea and coffee with the aligners. <\/li>\n<\/ul>\n<h3><strong>Can Invisalign (Transparent Plate) be Applied to Every Patient?<\/strong><\/h3>\n<p>Invisalign (clear aligners) is mostly used in cases of mild to moderate crowding.<br \/>\nYour suitability for treatment will be finalized after your orthodontist&#8217;s examination. <\/p>\n<p>As with all orthodontic treatments, invisalign treatment can be applied at any age.<br \/>\nHowever, tooth eruption is important in pediatric patients.<br \/>\nAll permanent teeth erupt at an average age of 13-14 years.  <\/p>\n<h3><strong>How long do you need to use the records on average per day?<\/strong><\/h3>\n<p>You need to wear your Invisalign transparent aligners for an average of 20-22 hours a day.<br \/>\nYou should use the aligners except when you eat.<br \/>\nHowever, you can take a few hours a week for a special event or an important meeting.  <\/p>\n<p>Each patient may have a different duration of treatment.<br \/>\nThere is no serious difference in duration between treatment methods.<br \/>\nHowever, since invisalign treatment does not affect daily life, the duration of treatment is not of serious importance for patients.  <\/p>\n<p>You should clean it in the morning and evening using warm water and a toothbrush.<br \/>\nIt is recommended to brush your teeth and wear it after meals. <\/p>\n<p>Excessive smoking and cigar smoking causes yellowing.<br \/>\nColored drinks do not cause a serious effect.<br \/>\nIn addition, the plaques are only used for 15 days and then a new plaque is used.  <\/p>\n<h3><strong>Do Plaques Contain Bisphenol-A (BPA) and\/or Phthalates?<\/strong><\/h3>\n<p>Invisalign clear aligners do not contain harmful substances such as BPA and phthalates, which are banned in many countries.<\/p>\n<h3><strong>Is an Additional Procedure Performed at the End of Invisalign (Transparent Plate) Treatment?<\/strong><\/h3>\n<p>As at the end of every<a href=\"https:\/\/meltemmutluguler.com\/dis-tedavisi\/ortodonti\/\"> orthodontic treatment<\/a>, protective applications are performed.<br \/>\nThe most common protective application is a retainer, that is, a stabilizing thin wire placed on the inside of the teeth.<br \/>\nYour orthodontist will determine the duration of your retainer use. Your orthodontist will decide on your protective application.  <\/p>\n<h3><strong>Where is Meltem Mutlu G\u00fcler Dental Clinic located in Sakarya?<\/strong><\/h3>\n<p>Our dental clinic is located in Arabac\u0131alan\u0131, \u00c7ark Cd. No:310 D:309, 54050 <strong>Serdivan\/Sakarya<\/strong> <\/p>\n<h3>How Much Are Invisalign Transparent Plate Treatment Prices?<\/h3>\n<p><strong>Invisalign dental clear aligner treatment<\/strong> is a personalized procedure.<br \/>\nIf you wish, you can fill out the quick contact form below and get detailed information about <strong>dental clear aligner prices<\/strong>. <\/p>\n\t\t\t\t\t\t\t\t<\/div>\n\t\t\t\t<\/div>\n\t\t\t\t<div class=\"elementor-element elementor-element-d6489fc elementor-widget elementor-widget-heading\" data-id=\"d6489fc\" data-element_type=\"widget\" data-widget_type=\"heading.default\">\n\t\t\t\t<div class=\"elementor-widget-container\">\n\t\t\t\t\t<h3 class=\"elementor-heading-title elementor-size-default\">Frequently Asked Questions about Invisaling transparent plan treatment <br><\/h3>\t\t\t\t<\/div>\n\t\t\t\t<\/div>\n\t\t\t\t\t<\/div>\n\t\t\t\t<\/div>\n\t\t<div class=\"elementor-element elementor-element-07d9ff0 e-flex e-con-boxed e-con e-parent\" data-id=\"07d9ff0\" data-element_type=\"container\">\n\t\t\t\t\t<div class=\"e-con-inner\">\n\t\t\t\t<div class=\"elementor-element elementor-element-0c035c8 elementor-widget elementor-widget-toggle\" data-id=\"0c035c8\" data-element_type=\"widget\" data-widget_type=\"toggle.default\">\n\t\t\t\t<div class=\"elementor-widget-container\">\n\t\t\t\t\t\t\t<div class=\"elementor-toggle\">\n\t\t\t\t\t\t\t<div class=\"elementor-toggle-item\">\n\t\t\t\t\t<div id=\"elementor-tab-title-1251\" class=\"elementor-tab-title\" data-tab=\"1\" role=\"button\" aria-controls=\"elementor-tab-content-1251\" aria-expanded=\"false\">\n\t\t\t\t\t\t\t\t\t\t\t\t<span class=\"elementor-toggle-icon elementor-toggle-icon-left\" aria-hidden=\"true\">\n\t\t\t\t\t\t\t\t\t\t\t\t\t\t\t<span class=\"elementor-toggle-icon-closed\"><svg class=\"e-font-icon-svg e-fas-caret-right\" viewBox=\"0 0 192 512\" xmlns=\"http:\/\/www.w3.org\/2000\/svg\"><path d=\"M0 384.662V127.338c0-17.818 21.543-26.741 34.142-14.142l128.662 128.662c7.81 7.81 7.81 20.474 0 28.284L34.142 398.804C21.543 411.404 0 402.48 0 384.662z\"><\/path><\/svg><\/span>\n\t\t\t\t\t\t\t\t<span class=\"elementor-toggle-icon-opened\"><svg class=\"elementor-toggle-icon-opened e-font-icon-svg e-fas-caret-up\" viewBox=\"0 0 320 512\" xmlns=\"http:\/\/www.w3.org\/2000\/svg\"><path d=\"M288.662 352H31.338c-17.818 0-26.741-21.543-14.142-34.142l128.662-128.662c7.81-7.81 20.474-7.81 28.284 0l128.662 128.662c12.6 12.599 3.676 34.142-14.142 34.142z\"><\/path><\/svg><\/span>\n\t\t\t\t\t\t\t\t\t\t\t\t\t<\/span>\n\t\t\t\t\t\t\t\t\t\t\t\t<a class=\"elementor-toggle-title\" tabindex=\"0\">How long does Invisalign treatment last?<\/a>\n\t\t\t\t\t<\/div>\n\n\t\t\t\t\t<div id=\"elementor-tab-content-1251\" class=\"elementor-tab-content elementor-clearfix\" data-tab=\"1\" role=\"region\" aria-labelledby=\"elementor-tab-title-1251\"><p>In all orthodontic treatments for the correction of teeth and bite relationships<\/p>\n<p>We say 1.5 years on average.<br \/>\nHowever, sometimes we can apply short-term treatments.<br \/>\nFor example, if there is a very simple tooth crowding, or if it is applied for preparation before a prosthetic procedure, short-term treatments starting from 3 months can be applied.  <\/p>\n<\/div>\n\t\t\t\t<\/div>\n\t\t\t\t\t\t\t<div class=\"elementor-toggle-item\">\n\t\t\t\t\t<div id=\"elementor-tab-title-1252\" class=\"elementor-tab-title\" data-tab=\"2\" role=\"button\" aria-controls=\"elementor-tab-content-1252\" aria-expanded=\"false\">\n\t\t\t\t\t\t\t\t\t\t\t\t<span class=\"elementor-toggle-icon elementor-toggle-icon-left\" aria-hidden=\"true\">\n\t\t\t\t\t\t\t\t\t\t\t\t\t\t\t<span class=\"elementor-toggle-icon-closed\"><svg class=\"e-font-icon-svg e-fas-caret-right\" viewBox=\"0 0 192 512\" xmlns=\"http:\/\/www.w3.org\/2000\/svg\"><path d=\"M0 384.662V127.338c0-17.818 21.543-26.741 34.142-14.142l128.662 128.662c7.81 7.81 7.81 20.474 0 28.284L34.142 398.804C21.543 411.404 0 402.48 0 384.662z\"><\/path><\/svg><\/span>\n\t\t\t\t\t\t\t\t<span class=\"elementor-toggle-icon-opened\"><svg class=\"elementor-toggle-icon-opened e-font-icon-svg e-fas-caret-up\" viewBox=\"0 0 320 512\" xmlns=\"http:\/\/www.w3.org\/2000\/svg\"><path d=\"M288.662 352H31.338c-17.818 0-26.741-21.543-14.142-34.142l128.662-128.662c7.81-7.81 20.474-7.81 28.284 0l128.662 128.662c12.6 12.599 3.676 34.142-14.142 34.142z\"><\/path><\/svg><\/span>\n\t\t\t\t\t\t\t\t\t\t\t\t\t<\/span>\n\t\t\t\t\t\t\t\t\t\t\t\t<a class=\"elementor-toggle-title\" tabindex=\"0\">What should be considered during Invisalign treatment?<\/a>\n\t\t\t\t\t<\/div>\n\n\t\t\t\t\t<div id=\"elementor-tab-content-1252\" class=\"elementor-tab-content elementor-clearfix\" data-tab=\"2\" role=\"region\" aria-labelledby=\"elementor-tab-title-1252\"><p>Clear aligner treatment is the orthodontic treatment with the least restrictions on eating and drinking.<br \/>\nDuring treatment, patients can consume any kind of food, including hard foods.<br \/>\nFor this reason, it is easier to maintain patient motivation during treatment.<br \/>\nEspecially pediatric patients are more likely to cooperate with the treatment.   <\/p>\n<p>The most important factor to be considered in transparent plaque treatments is to wear the aligners for 21 hours a day.<br \/>\nThe aligners are removed during meals, but there is no harm in consuming beverages with the aligners in the mouth, provided that they are not too hot.<br \/>\nThe effectiveness of the use of aligners increases the success of treatment.    <\/p>\n<\/div>\n\t\t\t\t<\/div>\n\t\t\t\t\t\t\t<div class=\"elementor-toggle-item\">\n\t\t\t\t\t<div id=\"elementor-tab-title-1253\" class=\"elementor-tab-title\" data-tab=\"3\" role=\"button\" aria-controls=\"elementor-tab-content-1253\" aria-expanded=\"false\">\n\t\t\t\t\t\t\t\t\t\t\t\t<span class=\"elementor-toggle-icon elementor-toggle-icon-left\" aria-hidden=\"true\">\n\t\t\t\t\t\t\t\t\t\t\t\t\t\t\t<span class=\"elementor-toggle-icon-closed\"><svg class=\"e-font-icon-svg e-fas-caret-right\" viewBox=\"0 0 192 512\" xmlns=\"http:\/\/www.w3.org\/2000\/svg\"><path d=\"M0 384.662V127.338c0-17.818 21.543-26.741 34.142-14.142l128.662 128.662c7.81 7.81 7.81 20.474 0 28.284L34.142 398.804C21.543 411.404 0 402.48 0 384.662z\"><\/path><\/svg><\/span>\n\t\t\t\t\t\t\t\t<span class=\"elementor-toggle-icon-opened\"><svg class=\"elementor-toggle-icon-opened e-font-icon-svg e-fas-caret-up\" viewBox=\"0 0 320 512\" xmlns=\"http:\/\/www.w3.org\/2000\/svg\"><path d=\"M288.662 352H31.338c-17.818 0-26.741-21.543-14.142-34.142l128.662-128.662c7.81-7.81 20.474-7.81 28.284 0l128.662 128.662c12.6 12.599 3.676 34.142-14.142 34.142z\"><\/path><\/svg><\/span>\n\t\t\t\t\t\t\t\t\t\t\t\t\t<\/span>\n\t\t\t\t\t\t\t\t\t\t\t\t<a class=\"elementor-toggle-title\" tabindex=\"0\">How noticeable is the change in teeth after Invisalign treatment?<\/a>\n\t\t\t\t\t<\/div>\n\n\t\t\t\t\t<div id=\"elementor-tab-content-1253\" class=\"elementor-tab-content elementor-clearfix\" data-tab=\"3\" role=\"region\" aria-labelledby=\"elementor-tab-title-1253\"><p>In proportion to the severity of orthodontic problems in the teeth (tooth crowding, tooth separation, upper jaw retardation&#8230;), quite significant differences can be observed at the end of transparent plate invisalign treatments.<br \/>\nIn very severe orthodontic problems, there are large differences in the before and after appearance of the teeth. <\/p>\n<\/p>\n<p>The fact that transparent aligner treatments are planned completely digitally provides the advantage of being able to show the patient the appearance of the teeth at the end of treatment before orthodontic treatment.<br \/>\nThanks to 3D dental models and orthodontic treatment simulations, patients can see the tooth alignment at the end of treatment.<br \/>\nFrom the beginning of the treatment, you can see the tooth alignments at the end of the treatment and how the tooth crowding will be corrected with clear aligner invisalign treatments.<br \/>\nAt the same time, you can examine the improvements in your teeth day by day with your orthodontist thanks to the clincheck software program during the transparent plate treatment process.   <\/p>\n<\/div>\n\t\t\t\t<\/div>\n\t\t\t\t\t\t\t<div class=\"elementor-toggle-item\">\n\t\t\t\t\t<div id=\"elementor-tab-title-1254\" class=\"elementor-tab-title\" data-tab=\"4\" role=\"button\" aria-controls=\"elementor-tab-content-1254\" aria-expanded=\"false\">\n\t\t\t\t\t\t\t\t\t\t\t\t<span class=\"elementor-toggle-icon elementor-toggle-icon-left\" aria-hidden=\"true\">\n\t\t\t\t\t\t\t\t\t\t\t\t\t\t\t<span class=\"elementor-toggle-icon-closed\"><svg class=\"e-font-icon-svg e-fas-caret-right\" viewBox=\"0 0 192 512\" xmlns=\"http:\/\/www.w3.org\/2000\/svg\"><path d=\"M0 384.662V127.338c0-17.818 21.543-26.741 34.142-14.142l128.662 128.662c7.81 7.81 7.81 20.474 0 28.284L34.142 398.804C21.543 411.404 0 402.48 0 384.662z\"><\/path><\/svg><\/span>\n\t\t\t\t\t\t\t\t<span class=\"elementor-toggle-icon-opened\"><svg class=\"elementor-toggle-icon-opened e-font-icon-svg e-fas-caret-up\" viewBox=\"0 0 320 512\" xmlns=\"http:\/\/www.w3.org\/2000\/svg\"><path d=\"M288.662 352H31.338c-17.818 0-26.741-21.543-14.142-34.142l128.662-128.662c7.81-7.81 20.474-7.81 28.284 0l128.662 128.662c12.6 12.599 3.676 34.142-14.142 34.142z\"><\/path><\/svg><\/span>\n\t\t\t\t\t\t\t\t\t\t\t\t\t<\/span>\n\t\t\t\t\t\t\t\t\t\t\t\t<a class=\"elementor-toggle-title\" tabindex=\"0\">Do you have images before and after Invisalign (Transparent Plate) treatment?  <\/a>\n\t\t\t\t\t<\/div>\n\n\t\t\t\t\t<div id=\"elementor-tab-content-1254\" class=\"elementor-tab-content elementor-clearfix\" data-tab=\"4\" role=\"region\" aria-labelledby=\"elementor-tab-title-1254\"><p>In Invisalign clear aligner treatments, different before and after images are available depending on the type of orthodontic problem.<br \/>\nYou can consult your orthodontist for before and after treatment in many orthodontic problems such as tooth crowding, tooth separation, lower jaw being behind, upper jaw being behind, reverse bite, jaw stenosis, etc.<br \/>\nYour orthodontist will give you detailed information about his\/her experience and the proportion of patients with various orthodontic problems to whom he\/she has applied clear aligner treatment.<br \/>\nYou can examine with your orthodontist how the teeth are corrected with 3D simulations according to orthodontic problems.<br \/>\nFor detailed information, you should first consult an orthodontist.    <\/p><\/p>\n<\/div>\n\t\t\t\t<\/div>\n\t\t\t\t\t\t\t<div class=\"elementor-toggle-item\">\n\t\t\t\t\t<div id=\"elementor-tab-title-1255\" class=\"elementor-tab-title\" data-tab=\"5\" role=\"button\" aria-controls=\"elementor-tab-content-1255\" aria-expanded=\"false\">\n\t\t\t\t\t\t\t\t\t\t\t\t<span class=\"elementor-toggle-icon elementor-toggle-icon-left\" aria-hidden=\"true\">\n\t\t\t\t\t\t\t\t\t\t\t\t\t\t\t<span class=\"elementor-toggle-icon-closed\"><svg class=\"e-font-icon-svg e-fas-caret-right\" viewBox=\"0 0 192 512\" xmlns=\"http:\/\/www.w3.org\/2000\/svg\"><path d=\"M0 384.662V127.338c0-17.818 21.543-26.741 34.142-14.142l128.662 128.662c7.81 7.81 7.81 20.474 0 28.284L34.142 398.804C21.543 411.404 0 402.48 0 384.662z\"><\/path><\/svg><\/span>\n\t\t\t\t\t\t\t\t<span class=\"elementor-toggle-icon-opened\"><svg class=\"elementor-toggle-icon-opened e-font-icon-svg e-fas-caret-up\" viewBox=\"0 0 320 512\" xmlns=\"http:\/\/www.w3.org\/2000\/svg\"><path d=\"M288.662 352H31.338c-17.818 0-26.741-21.543-14.142-34.142l128.662-128.662c7.81-7.81 20.474-7.81 28.284 0l128.662 128.662c12.6 12.599 3.676 34.142-14.142 34.142z\"><\/path><\/svg><\/span>\n\t\t\t\t\t\t\t\t\t\t\t\t\t<\/span>\n\t\t\t\t\t\t\t\t\t\t\t\t<a class=\"elementor-toggle-title\" tabindex=\"0\">What is the difference between Invisalign treatment and orthodontic treatment with normal braces?<\/a>\n\t\t\t\t\t<\/div>\n\n\t\t\t\t\t<div id=\"elementor-tab-content-1255\" class=\"elementor-tab-content elementor-clearfix\" data-tab=\"5\" role=\"region\" aria-labelledby=\"elementor-tab-title-1255\"><p>Nowadays, we can use transparent aligners instead of braces to move the teeth and achieve a proper tooth alignment.<\/p>\n<p>Differences between braces and transparent aligner treatment:<\/p>\n<ul>\n<li>Aesthetics: Transparent aligners are not visible from the outside thanks to their transparent structure.<br \/>\nYou can take a break from treatment by removing your aligners on special occasions such as weddings and invitations. <\/li>\n<li>Comfort: Transparent aligners do not contain elements such as wires and brackets like braces.<br \/>\nTherefore, you will not experience problems such as stinging and pain throughout the treatment. <\/li>\n<li>Speed In transparent plaque treatments, the entire treatment is planned digitally.<br \/>\nIn this way, very predictable treatments are planned.<br \/>\nIn addition, since transparent aligners are produced individually according to the treatment plan, the treatment process takes less time than braces in many cases.  <\/li>\n<li>Predictability: See your pre and post-treatment simulations and the entire treatment process together with your orthodontist on 3D dental models.<\/li>\n<\/ul>\n<\/div>\n\t\t\t\t<\/div>\n\t\t\t\t\t\t\t\t<\/div>\n\t\t\t\t\t\t<\/div>\n\t\t\t\t<\/div>\n\t\t\t\t\t<\/div>\n\t\t\t\t<\/div>\n\t\t\t\t<\/div>\n\t\t","protected":false},"excerpt":{"rendered":"<p>Ana Sayfa What is Invisalign (Transparent Plate)? Invisalign treatment (transparent aligner treatment ) is a system that provides orthodontic treatment without braces thanks to custom-made transparent aligners. In this way, the crowding in your teeth is corrected day by day without realizing that you are receiving orthodontic treatment. How Can I Start Invisalign Treatment? First of all, as a result\u2026<\/p>\n","protected":false},"author":1,"featured_media":5120,"parent":5201,"menu_order":0,"comment_status":"closed","ping_status":"closed","template":"elementor_header_footer","meta":{"footnotes":""},"yst_prominent_words":[],"class_list":["post-5231","page","type-page","status-publish","has-post-thumbnail","hentry"],"_links":{"self":[{"href":"https:\/\/www.meltemmutluguler.com\/en\/wp-json\/wp\/v2\/pages\/5231","targetHints":{"allow":["GET"]}}],"collection":[{"href":"https:\/\/www.meltemmutluguler.com\/en\/wp-json\/wp\/v2\/pages"}],"about":[{"href":"https:\/\/www.meltemmutluguler.com\/en\/wp-json\/wp\/v2\/types\/page"}],"author":[{"embeddable":true,"href":"https:\/\/www.meltemmutluguler.com\/en\/wp-json\/wp\/v2\/users\/1"}],"replies":[{"embeddable":true,"href":"https:\/\/www.meltemmutluguler.com\/en\/wp-json\/wp\/v2\/comments?post=5231"}],"version-history":[{"count":0,"href":"https:\/\/www.meltemmutluguler.com\/en\/wp-json\/wp\/v2\/pages\/5231\/revisions"}],"up":[{"embeddable":true,"href":"https:\/\/www.meltemmutluguler.com\/en\/wp-json\/wp\/v2\/pages\/5201"}],"wp:featuredmedia":[{"embeddable":true,"href":"https:\/\/www.meltemmutluguler.com\/en\/wp-json\/wp\/v2\/media\/5120"}],"wp:attachment":[{"href":"https:\/\/www.meltemmutluguler.com\/en\/wp-json\/wp\/v2\/media?parent=5231"}],"wp:term":[{"taxonomy":"yst_prominent_words","embeddable":true,"href":"https:\/\/www.meltemmutluguler.com\/en\/wp-json\/wp\/v2\/yst_prominent_words?post=5231"}],"curies":[{"name":"wp","href":"https:\/\/api.w.org\/{rel}","templated":true}]}}