{"id":5227,"date":"2023-07-10T15:31:11","date_gmt":"2023-07-10T15:31:11","guid":{"rendered":"https:\/\/www.meltemmutluguler.com\/tooth-aesthetics\/porcelain-lamina-tooth-veneer\/"},"modified":"2024-07-27T19:30:51","modified_gmt":"2024-07-27T19:30:51","slug":"porcelain-lamina-tooth-veneer","status":"publish","type":"page","link":"https:\/\/www.meltemmutluguler.com\/en\/tooth-aesthetics\/porcelain-lamina-tooth-veneer\/","title":{"rendered":"Porcelain Lamina Tooth Veneer"},"content":{"rendered":"\t\t<div data-elementor-type=\"wp-page\" data-elementor-id=\"5227\" class=\"elementor elementor-5227 elementor-3329\" data-elementor-post-type=\"page\">\n\t\t\t\t<div class=\"elementor-element elementor-element-862f4a1 e-flex e-con-boxed e-con e-parent\" data-id=\"862f4a1\" data-element_type=\"container\" data-settings=\"{&quot;background_background&quot;:&quot;classic&quot;}\">\n\t\t\t\t\t<div class=\"e-con-inner\">\n\t\t\t\t\t<\/div>\n\t\t\t\t<\/div>\n\t\t<div class=\"elementor-element elementor-element-2b84a01 e-flex e-con-boxed e-con e-parent\" data-id=\"2b84a01\" data-element_type=\"container\" data-settings=\"{&quot;background_background&quot;:&quot;classic&quot;}\">\n\t\t\t\t\t<div class=\"e-con-inner\">\n\t\t\t\t<div class=\"elementor-element elementor-element-a75e3c7 elementor-widget elementor-widget-text-editor\" data-id=\"a75e3c7\" data-element_type=\"widget\" data-widget_type=\"text-editor.default\">\n\t\t\t\t<div class=\"elementor-widget-container\">\n\t\t\t\t\t\t\t\t\t<p><span style=\"color: #000000;\"><strong><img fetchpriority=\"high\" decoding=\"async\" class=\"size-medium wp-image-5050 alignleft\" src=\"https:\/\/www.meltemmutluguler.com\/wp-content\/uploads\/2024\/07\/porselen-dis-kaplama-300x234.webp\" alt=\"\" width=\"300\" height=\"234\" srcset=\"https:\/\/www.meltemmutluguler.com\/wp-content\/uploads\/2024\/07\/porselen-dis-kaplama-300x234.webp 300w, https:\/\/www.meltemmutluguler.com\/wp-content\/uploads\/2024\/07\/porselen-dis-kaplama-1024x799.webp 1024w, https:\/\/www.meltemmutluguler.com\/wp-content\/uploads\/2024\/07\/porselen-dis-kaplama-768x599.webp 768w, https:\/\/www.meltemmutluguler.com\/wp-content\/uploads\/2024\/07\/porselen-dis-kaplama.webp 1170w\" sizes=\"(max-width: 300px) 100vw, 300px\" \/>Porcelain Dental Veneer<\/strong> (Porcelain Leaf Lamina) is a type of veneer that has been highly preferred in recent years. Bonded only to the front surface of the tooth instead of covering the entire tooth. leaf-shaped teeth.<\/span><\/p>\n<\/p>\n<h2><strong><span style=\"color: #000000;\">Does Porcelain Lamina Teeth Lose Matter?<\/span><\/strong><\/h2>\n<p><span style=\"color: #000000;\">When there is already a gap between the teeth, laminae can be applied without any loss of material with prepless operation. In other cases, only 0.3 &#8211; 0.8 mm of the tooth surface is prepared for the lamina to adhere.<\/span><\/p>\n<\/p>\n<h2><strong><span style=\"color: #000000;\">What is the Difference from Zirconium Dental Veneers?<\/span><\/strong><\/h2>\n<p><span style=\"color: #000000;\"><strong>In zirconium dental crowns<\/strong>, it is necessary to reduce the tooth from all surfaces of the tooth in the amount that the crown will be placed. In laminated teeth, the back surfaces of the tooth are not touched. No loss of substance occurs.<\/span><\/p>\n<\/p>\n<h2><strong><span style=\"color: #000000;\">Does Color Change Over Time?<\/span><\/strong><\/h2>\n<p><span style=\"color: #000000;\">Porcelain laminates do not change color.<\/span><\/p>\n<\/p>\n<h2><span style=\"color: #000000;\"><strong>What is the Lifespan?<\/strong><\/span><\/h2>\n<p><span style=\"color: #000000;\">With regular check-ups and proper dental care, laminates can be used for many years. With age, our gums undergo changes at the tooth border and their contours become different. In this case, the lamina is replaced if necessary.<\/span><\/p>\n<\/p>\n<h2><strong><span style=\"color: #000000;\">Do Porcelain Laminates Break Quickly?<\/span><\/strong><\/h2>\n<p><span style=\"color: #000000;\">In cases such as teeth clenching, joint problems, orthodontic bite problems, these problems should be treated first. With the right closure and contacts, the porcelain laminate will not break.<\/span><\/p>\n<\/p>\n<h2><strong><span style=\"color: #000000;\">What are the Points to Consider?<\/span><\/strong><\/h2>\n<p><span style=\"color: #000000;\">It is not right to pick and bite hard things, whether they are laminates or natural teeth. Both the enamel and the lamina can be damaged by this impact. Hard impact movements such as nail biting and opening nuts with teeth should be avoided.<\/span><\/p>\n<p><span style=\"color: #000000;\">With regular checks and proper care, porcelain laminates can be used for many years.<\/span><\/p>\n<\/p>\n<h3><span style=\"color: #000000;\"><strong>Where is Meltem Mutlu G\u00fcler Dental Clinic located in Sakarya?<\/strong><\/span><\/h3>\n<p><span style=\"color: #000000;\">Our clinic is located in Arabac\u0131alan\u0131 Mahallesi. \u00c7ark Cd. No:310 D:309, 54050 Serdivan\/Sakarya<\/span><\/p>\n\t\t\t\t\t\t\t\t<\/div>\n\t\t\t\t<\/div>\n\t\t\t\t\t<\/div>\n\t\t\t\t<\/div>\n\t\t\t\t<\/div>\n\t\t","protected":false},"excerpt":{"rendered":"<p>Ana Sayfa Porcelain Dental Veneer (Porcelain Leaf Lamina) is a type of veneer that has been highly preferred in recent years. Bonded only to the front surface of the tooth instead of covering the entire tooth. leaf-shaped teeth. Does Porcelain Lamina Teeth Lose Matter? When there is already a gap between the teeth, laminae can be applied without any loss\u2026<\/p>\n","protected":false},"author":1,"featured_media":5116,"parent":5210,"menu_order":0,"comment_status":"closed","ping_status":"closed","template":"elementor_header_footer","meta":{"footnotes":""},"yst_prominent_words":[],"class_list":["post-5227","page","type-page","status-publish","has-post-thumbnail","hentry"],"_links":{"self":[{"href":"https:\/\/www.meltemmutluguler.com\/en\/wp-json\/wp\/v2\/pages\/5227","targetHints":{"allow":["GET"]}}],"collection":[{"href":"https:\/\/www.meltemmutluguler.com\/en\/wp-json\/wp\/v2\/pages"}],"about":[{"href":"https:\/\/www.meltemmutluguler.com\/en\/wp-json\/wp\/v2\/types\/page"}],"author":[{"embeddable":true,"href":"https:\/\/www.meltemmutluguler.com\/en\/wp-json\/wp\/v2\/users\/1"}],"replies":[{"embeddable":true,"href":"https:\/\/www.meltemmutluguler.com\/en\/wp-json\/wp\/v2\/comments?post=5227"}],"version-history":[{"count":0,"href":"https:\/\/www.meltemmutluguler.com\/en\/wp-json\/wp\/v2\/pages\/5227\/revisions"}],"up":[{"embeddable":true,"href":"https:\/\/www.meltemmutluguler.com\/en\/wp-json\/wp\/v2\/pages\/5210"}],"wp:featuredmedia":[{"embeddable":true,"href":"https:\/\/www.meltemmutluguler.com\/en\/wp-json\/wp\/v2\/media\/5116"}],"wp:attachment":[{"href":"https:\/\/www.meltemmutluguler.com\/en\/wp-json\/wp\/v2\/media?parent=5227"}],"wp:term":[{"taxonomy":"yst_prominent_words","embeddable":true,"href":"https:\/\/www.meltemmutluguler.com\/en\/wp-json\/wp\/v2\/yst_prominent_words?post=5227"}],"curies":[{"name":"wp","href":"https:\/\/api.w.org\/{rel}","templated":true}]}}