{"id":5219,"date":"2023-07-10T15:01:41","date_gmt":"2023-07-10T15:01:41","guid":{"rendered":"https:\/\/www.meltemmutluguler.com\/teeth-whitening-bleaching\/"},"modified":"2024-07-27T19:30:44","modified_gmt":"2024-07-27T19:30:44","slug":"teeth-whitening-bleaching","status":"publish","type":"page","link":"https:\/\/www.meltemmutluguler.com\/en\/teeth-whitening-bleaching\/","title":{"rendered":"Teeth Whitening (Bleaching)"},"content":{"rendered":"\t\t<div data-elementor-type=\"wp-page\" data-elementor-id=\"5219\" class=\"elementor elementor-5219 elementor-3274\" data-elementor-post-type=\"page\">\n\t\t\t\t<div class=\"elementor-element elementor-element-862f4a1 e-flex e-con-boxed e-con e-parent\" data-id=\"862f4a1\" data-element_type=\"container\" data-settings=\"{&quot;background_background&quot;:&quot;classic&quot;}\">\n\t\t\t\t\t<div class=\"e-con-inner\">\n\t\t\t\t\t<\/div>\n\t\t\t\t<\/div>\n\t\t<div class=\"elementor-element elementor-element-2b84a01 e-flex e-con-boxed e-con e-parent\" data-id=\"2b84a01\" data-element_type=\"container\" data-settings=\"{&quot;background_background&quot;:&quot;classic&quot;}\">\n\t\t\t\t\t<div class=\"e-con-inner\">\n\t\t\t\t<div class=\"elementor-element elementor-element-a75e3c7 elementor-widget elementor-widget-text-editor\" data-id=\"a75e3c7\" data-element_type=\"widget\" data-widget_type=\"text-editor.default\">\n\t\t\t\t<div class=\"elementor-widget-container\">\n\t\t\t\t\t\t\t\t\t<p><span style=\"color: #000000;\"><strong><img fetchpriority=\"high\" decoding=\"async\" class=\"wp-image-5014 size-medium aligncenter\" src=\"https:\/\/www.meltemmutluguler.com\/wp-content\/uploads\/2024\/07\/dis-beyazlatma-300x300.jpg\" alt=\"\" width=\"300\" height=\"300\" srcset=\"https:\/\/www.meltemmutluguler.com\/wp-content\/uploads\/2024\/07\/dis-beyazlatma-300x300.jpg 300w, https:\/\/www.meltemmutluguler.com\/wp-content\/uploads\/2024\/07\/dis-beyazlatma-150x150.jpg 150w, https:\/\/www.meltemmutluguler.com\/wp-content\/uploads\/2024\/07\/dis-beyazlatma.jpg 500w\" sizes=\"(max-width: 300px) 100vw, 300px\" \/>Teeth whitening<\/strong> (bleaching); It is very important that the teeth are healthy and white in color to ensure <strong>smile aesthetics<\/strong>. Teeth whitening (bleaching) is a treatment method recommended to patients in cases where the tooth color is darker and yellow than it should be. It is the process of removing discoloration of the enamel and dentin layer of the teeth. It provides long-lasting and highly aesthetic results.<\/span><\/p>\n<p><span style=\"color: #000000;\">Tooth color may be yellow from birth or may be acquired for various reasons. Smoking, tea, coffee and colored beverages (such as cherry juices, red wines) darken the shade of the surface of the teeth. The ideal treatment for discolored or yellowed teeth is bleaching, that is, permanent teeth whitening treatment. Bleaching can lighten teeth up to eight to ten shades. Bleaching is an oxygenation process.<\/span><\/p>\n<p><span style=\"color: #000000;\">Teeth whitening offers a reliable and economical treatment option without abrading our teeth.<\/span><\/p>\n<h2><span style=\"color: #000000;\"><strong>Teeth Whitening Methods<\/strong><\/span><\/h2>\n<ul>\n<li><span style=\"color: #000000;\">OFFICE WHITENING<\/span><\/li>\n<li><span style=\"color: #000000;\">HOME WHITENING<\/span><\/li>\n<li><span style=\"color: #000000;\">LASER TEETH WHITENING<\/span><\/li>\n<li><span style=\"color: #000000;\">COMBINED TYPE WHITENING<\/span><\/li>\n<li><span style=\"color: #000000;\">BIOLOGICAL WHITENING<\/span><\/li>\n<li><span style=\"color: #000000;\">SINGLE TOOTH WHITENING (INTRACHRONAL BLEACHING)<\/span><\/li>\n<\/ul>\n<h3><span style=\"color: #000000;\"><strong>Where is Meltem Mutlu G\u00fcler Dental Clinic located in Sakarya?<\/strong><\/span><\/h3>\n<p><span style=\"color: #000000;\">Our clinic is located in Arabac\u0131alan\u0131 Mahallesi. \u00c7ark Cd. No:310 D:309, 54050 Serdivan\/Sakarya<\/span><\/p>\n\t\t\t\t\t\t\t\t<\/div>\n\t\t\t\t<\/div>\n\t\t\t\t\t<\/div>\n\t\t\t\t<\/div>\n\t\t\t\t<\/div>\n\t\t","protected":false},"excerpt":{"rendered":"<p>Ana Sayfa Teeth whitening (bleaching); It is very important that the teeth are healthy and white in color to ensure smile aesthetics. Teeth whitening (bleaching) is a treatment method recommended to patients in cases where the tooth color is darker and yellow than it should be. It is the process of removing discoloration of the enamel and dentin layer of\u2026<\/p>\n","protected":false},"author":1,"featured_media":6171,"parent":0,"menu_order":0,"comment_status":"closed","ping_status":"closed","template":"elementor_header_footer","meta":{"footnotes":""},"yst_prominent_words":[],"class_list":["post-5219","page","type-page","status-publish","has-post-thumbnail","hentry"],"_links":{"self":[{"href":"https:\/\/www.meltemmutluguler.com\/en\/wp-json\/wp\/v2\/pages\/5219","targetHints":{"allow":["GET"]}}],"collection":[{"href":"https:\/\/www.meltemmutluguler.com\/en\/wp-json\/wp\/v2\/pages"}],"about":[{"href":"https:\/\/www.meltemmutluguler.com\/en\/wp-json\/wp\/v2\/types\/page"}],"author":[{"embeddable":true,"href":"https:\/\/www.meltemmutluguler.com\/en\/wp-json\/wp\/v2\/users\/1"}],"replies":[{"embeddable":true,"href":"https:\/\/www.meltemmutluguler.com\/en\/wp-json\/wp\/v2\/comments?post=5219"}],"version-history":[{"count":0,"href":"https:\/\/www.meltemmutluguler.com\/en\/wp-json\/wp\/v2\/pages\/5219\/revisions"}],"wp:featuredmedia":[{"embeddable":true,"href":"https:\/\/www.meltemmutluguler.com\/en\/wp-json\/wp\/v2\/media\/6171"}],"wp:attachment":[{"href":"https:\/\/www.meltemmutluguler.com\/en\/wp-json\/wp\/v2\/media?parent=5219"}],"wp:term":[{"taxonomy":"yst_prominent_words","embeddable":true,"href":"https:\/\/www.meltemmutluguler.com\/en\/wp-json\/wp\/v2\/yst_prominent_words?post=5219"}],"curies":[{"name":"wp","href":"https:\/\/api.w.org\/{rel}","templated":true}]}}