{"id":5194,"date":"2022-11-19T03:27:05","date_gmt":"2022-11-19T03:27:05","guid":{"rendered":"https:\/\/www.meltemmutluguler.com\/about-us\/"},"modified":"2024-08-11T21:54:11","modified_gmt":"2024-08-11T21:54:11","slug":"about-us","status":"publish","type":"page","link":"https:\/\/www.meltemmutluguler.com\/en\/about-us\/","title":{"rendered":"About Us"},"content":{"rendered":"\t\t<div data-elementor-type=\"wp-page\" data-elementor-id=\"5194\" class=\"elementor elementor-5194 elementor-68\" data-elementor-post-type=\"page\">\n\t\t\t\t<div class=\"elementor-element elementor-element-a253c69 e-flex e-con-boxed e-con e-parent\" data-id=\"a253c69\" data-element_type=\"container\" data-settings=\"{&quot;background_background&quot;:&quot;classic&quot;}\">\n\t\t\t\t\t<div class=\"e-con-inner\">\n\t\t\t\t\t<\/div>\n\t\t\t\t<\/div>\n\t\t<div class=\"elementor-element elementor-element-56387a0 e-flex e-con-boxed e-con e-parent\" data-id=\"56387a0\" data-element_type=\"container\">\n\t\t\t\t\t<div class=\"e-con-inner\">\n\t\t<div class=\"elementor-element elementor-element-ad1f0f3 e-con-full e-flex elementor-invisible e-con e-child\" data-id=\"ad1f0f3\" data-element_type=\"container\" data-settings=\"{&quot;animation&quot;:&quot;kitifyShortFadeInUp&quot;}\">\n\t\t\t\t<\/div>\n\t\t<div class=\"elementor-element elementor-element-cf45de6 e-con-full e-flex e-con e-child\" data-id=\"cf45de6\" data-element_type=\"container\">\n\t\t\t\t<div class=\"elementor-element elementor-element-80fd2c8 elementor-invisible elementor-widget elementor-widget-heading\" data-id=\"80fd2c8\" data-element_type=\"widget\" data-settings=\"{&quot;_animation&quot;:&quot;kitifyShortFadeInUp&quot;,&quot;_animation_delay&quot;:400}\" data-widget_type=\"heading.default\">\n\t\t\t\t<div class=\"elementor-widget-container\">\n\t\t\t\t\t<h2 class=\"elementor-heading-title elementor-size-default\">Dr. Meltem Mutlu G\u00fcler  <\/h2>\t\t\t\t<\/div>\n\t\t\t\t<\/div>\n\t\t\t\t<div class=\"elementor-element elementor-element-3522007 elementor-invisible elementor-widget elementor-widget-heading\" data-id=\"3522007\" data-element_type=\"widget\" data-settings=\"{&quot;_animation&quot;:&quot;kitifyShortFadeInUp&quot;,&quot;_animation_delay&quot;:400}\" data-widget_type=\"heading.default\">\n\t\t\t\t<div class=\"elementor-widget-container\">\n\t\t\t\t\t<h2 class=\"elementor-heading-title elementor-size-default\">Orthodontics Priority Aesthetic Dental Treatments<\/h2>\t\t\t\t<\/div>\n\t\t\t\t<\/div>\n\t\t\t\t<div class=\"elementor-element elementor-element-07d6d8b elementor-invisible elementor-widget elementor-widget-heading\" data-id=\"07d6d8b\" data-element_type=\"widget\" data-settings=\"{&quot;_animation&quot;:&quot;kitifyShortFadeInUp&quot;,&quot;_animation_delay&quot;:500}\" data-widget_type=\"heading.default\">\n\t\t\t\t<div class=\"elementor-widget-container\">\n\t\t\t\t\t<p class=\"elementor-heading-title elementor-size-default\">Meltem Mutlu G\u00fcler Dental Clinic was founded by Orthodontist Dr. Meltem Mutlu G\u00fcler. Our clinic provides a wide range of dental treatments, with a particular focus on orthodontics and aesthetic dentistry.\n<br><br>\nDr. Meltem Mutlu G\u00fcler graduated from Yeditepe University Faculty of Dentistry. She then pursued her PhD in the Department of Orthodontics at the same university. She successfully completed her education with a thesis on the evaluation of the upper airway using cone beam computed tomography (CBCT). Her research has been published in various national and international congresses.\n<br><br>\nHer areas of special interest include the treatment of dental crowding and spacing, jaw discrepancies, bite issues, impacted teeth, Invisalign (clear aligner treatment), and Incognito (lingual orthodontics, braces on the inner surface of teeth).\n<br><br>\nMeltem Mutlu G\u00fcler Dental Clinic, which she founded, provides orthodontics-focused aesthetic dental services in Sakarya. The goal of orthodontic-focused treatment is to evaluate all dental and jaw problems in conjunction with facial aesthetics, rather than focusing solely on the treatment of a single tooth.\n<br><br>\nAmong the orthodontic treatments frequently performed in our clinic, clear aligner treatment (Invisalign) is the most prominent. Our clinic has received numerous awards for its success in clear aligner treatments.\n<br><br>\nOther treatments offered at our clinic include dental implants, teeth whitening, and dental prosthetics. You can contact us to schedule an appointment with our doctors and to learn more about our dental treatments.<\/p>\t\t\t\t<\/div>\n\t\t\t\t<\/div>\n\t\t\t\t<\/div>\n\t\t\t\t\t<\/div>\n\t\t\t\t<\/div>\n\t\t<div class=\"elementor-element elementor-element-7abc9cc e-flex e-con-boxed e-con e-parent\" data-id=\"7abc9cc\" data-element_type=\"container\" data-settings=\"{&quot;background_background&quot;:&quot;classic&quot;}\">\n\t\t\t\t\t<div class=\"e-con-inner\">\n\t\t<div class=\"elementor-element elementor-element-85d0803 e-con-full e-flex elementor-invisible e-con e-child\" data-id=\"85d0803\" data-element_type=\"container\" data-settings=\"{&quot;background_background&quot;:&quot;classic&quot;,&quot;position&quot;:&quot;absolute&quot;,&quot;animation&quot;:&quot;kitifyShortFadeInUp&quot;}\">\n\t\t\t\t<\/div>\n\t\t\t\t<div class=\"elementor-element elementor-element-c4286d7 elementor-invisible elementor-widget elementor-widget-heading\" data-id=\"c4286d7\" data-element_type=\"widget\" data-settings=\"{&quot;_animation&quot;:&quot;kitifyShortFadeInUp&quot;}\" data-widget_type=\"heading.default\">\n\t\t\t\t<div class=\"elementor-widget-container\">\n\t\t\t\t\t<h2 class=\"elementor-heading-title elementor-size-default\">Meet Our Team<\/h2>\t\t\t\t<\/div>\n\t\t\t\t<\/div>\n\t\t\t\t\t<\/div>\n\t\t\t\t<\/div>\n\t\t<div class=\"elementor-element elementor-element-32bba2f e-con-full e-flex elementor-invisible e-con e-parent\" data-id=\"32bba2f\" data-element_type=\"container\" data-settings=\"{&quot;animation&quot;:&quot;kitifyShortFadeInUp&quot;}\">\n\t\t\t\t<div class=\"elementor-element elementor-element-97f3668 elementor-widget elementor-widget-html\" data-id=\"97f3668\" data-element_type=\"widget\" data-widget_type=\"html.default\">\n\t\t\t\t<div class=\"elementor-widget-container\">\n\t\t\t\t\t<iframe src=\"https:\/\/www.google.com\/maps\/embed?pb=!1m18!1m12!1m3!1d3021.5174339908654!2d30.36501410000001!3d40.7726373!2m3!1f0!2f0!3f0!3m2!1i1024!2i768!4f13.1!3m3!1m2!1s0x14ccb330ad5583a5%3A0x7cd08ccc4a4b4a74!2sMeltem%20Mutlu%20G%C3%BCler%20Di%C5%9F%20Poliklini%C4%9Fi!5e0!3m2!1str!2str!4v1722626611969!5m2!1str!2str\" width=\"600\" height=\"450\" style=\"border:0;\" allowfullscreen=\"\" loading=\"lazy\" referrerpolicy=\"no-referrer-when-downgrade\"><\/iframe>\t\t\t\t<\/div>\n\t\t\t\t<\/div>\n\t\t\t\t<\/div>\n\t\t\t\t<\/div>\n\t\t","protected":false},"excerpt":{"rendered":"<p>Ana Sayfa Dr. Meltem Mutlu G\u00fcler Orthodontics Priority Aesthetic Dental Treatments Meltem Mutlu G\u00fcler Dental Clinic was founded by Orthodontist Dr. Meltem Mutlu G\u00fcler. Our clinic provides a wide range of dental treatments, with a particular focus on orthodontics and aesthetic dentistry. Dr. Meltem Mutlu G\u00fcler graduated from Yeditepe University Faculty of Dentistry. She then pursued her PhD in the\u2026<\/p>\n","protected":false},"author":1,"featured_media":0,"parent":0,"menu_order":0,"comment_status":"closed","ping_status":"closed","template":"elementor_header_footer","meta":{"footnotes":""},"yst_prominent_words":[],"class_list":["post-5194","page","type-page","status-publish","hentry"],"_links":{"self":[{"href":"https:\/\/www.meltemmutluguler.com\/en\/wp-json\/wp\/v2\/pages\/5194","targetHints":{"allow":["GET"]}}],"collection":[{"href":"https:\/\/www.meltemmutluguler.com\/en\/wp-json\/wp\/v2\/pages"}],"about":[{"href":"https:\/\/www.meltemmutluguler.com\/en\/wp-json\/wp\/v2\/types\/page"}],"author":[{"embeddable":true,"href":"https:\/\/www.meltemmutluguler.com\/en\/wp-json\/wp\/v2\/users\/1"}],"replies":[{"embeddable":true,"href":"https:\/\/www.meltemmutluguler.com\/en\/wp-json\/wp\/v2\/comments?post=5194"}],"version-history":[{"count":0,"href":"https:\/\/www.meltemmutluguler.com\/en\/wp-json\/wp\/v2\/pages\/5194\/revisions"}],"wp:attachment":[{"href":"https:\/\/www.meltemmutluguler.com\/en\/wp-json\/wp\/v2\/media?parent=5194"}],"wp:term":[{"taxonomy":"yst_prominent_words","embeddable":true,"href":"https:\/\/www.meltemmutluguler.com\/en\/wp-json\/wp\/v2\/yst_prominent_words?post=5194"}],"curies":[{"name":"wp","href":"https:\/\/api.w.org\/{rel}","templated":true}]}}